{"id":482,"date":"2014-11-20T17:01:42","date_gmt":"2014-11-20T15:01:42","guid":{"rendered":"http:\/\/www.kadooglupetrol.com.tr\/?page_id=482"},"modified":"2023-10-09T17:32:22","modified_gmt":"2023-10-09T14:32:22","slug":"aytemiz-kampanyalarimiz-2","status":"publish","type":"page","link":"https:\/\/kadooglupetrol.com.tr\/?page_id=482","title":{"rendered":"Aytemiz Etimesgut Kampanyalar\u0131m\u0131z"},"content":{"rendered":"<p><a href=\"http:\/\/www.kadooglupetrol.com.tr\/wp-content\/uploads\/2014\/10\/cal\u0131sma_11032014-3.jpg\"><img loading=\"lazy\" decoding=\"async\" class=\"aligncenter size-large wp-image-269\" src=\"http:\/\/www.kadooglupetrol.com.tr\/wp-content\/uploads\/2014\/10\/cal\u0131sma_11032014-3-1024x318.jpg\" alt=\"cal\u0131sma_11,03,2014 (3)\" width=\"640\" height=\"198\" srcset=\"https:\/\/kadooglupetrol.com.tr\/wp-content\/uploads\/2014\/10\/cal\u0131sma_11032014-3-1024x318.jpg 1024w, https:\/\/kadooglupetrol.com.tr\/wp-content\/uploads\/2014\/10\/cal\u0131sma_11032014-3-300x93.jpg 300w\" sizes=\"auto, (max-width: 640px) 100vw, 640px\" \/><\/a><\/p>\n<p>&nbsp;<\/p>\n<p>&nbsp;<\/p>\n<div><\/div>\n<h3 style=\"text-align: center;\"><span style=\"color: #000080;\">Siz de\u011ferli m\u00fc\u015fterilerimize birbirinden g\u00fczel kampanyalar&#8230;&#8230;<\/span><\/h3>\n<h3 style=\"text-align: center;\"><\/h3>\n<h3 style=\"text-align: center;\"><span style=\"color: #333399;\">Sadakat kart ile hem resmi fiyat \u00fczerinden indirim, hem de para puan kazan\u0131n. <\/span><\/h3>\n<h3 style=\"text-align: center;\"><span style=\"color: #333399;\">LPG ve benzinde\u00a0%1; motorinde ise %2 para puan&#8230;<\/span><\/h3>\n<h3 style=\"text-align: center;\"><span style=\"color: #333399;\">\u00a0<\/span><\/h3>\n<h6 style=\"text-align: center;\"><\/h6>\n","protected":false},"excerpt":{"rendered":"<p>&nbsp; &nbsp; Siz de\u011ferli m\u00fc\u015fterilerimize birbirinden g\u00fczel kampanyalar&#8230;&#8230; Sadakat kart ile hem resmi fiyat \u00fczerinden indirim, hem de para puan kazan\u0131n. LPG ve benzinde\u00a0%1; motorinde ise %2 para puan&#8230; \u00a0<\/p>\n","protected":false},"author":1,"featured_media":0,"parent":0,"menu_order":0,"comment_status":"closed","ping_status":"closed","template":"","meta":{"footnotes":""},"class_list":["post-482","page","type-page","status-publish","hentry"],"_links":{"self":[{"href":"https:\/\/kadooglupetrol.com.tr\/index.php?rest_route=\/wp\/v2\/pages\/482","targetHints":{"allow":["GET"]}}],"collection":[{"href":"https:\/\/kadooglupetrol.com.tr\/index.php?rest_route=\/wp\/v2\/pages"}],"about":[{"href":"https:\/\/kadooglupetrol.com.tr\/index.php?rest_route=\/wp\/v2\/types\/page"}],"author":[{"embeddable":true,"href":"https:\/\/kadooglupetrol.com.tr\/index.php?rest_route=\/wp\/v2\/users\/1"}],"replies":[{"embeddable":true,"href":"https:\/\/kadooglupetrol.com.tr\/index.php?rest_route=%2Fwp%2Fv2%2Fcomments&post=482"}],"version-history":[{"count":12,"href":"https:\/\/kadooglupetrol.com.tr\/index.php?rest_route=\/wp\/v2\/pages\/482\/revisions"}],"predecessor-version":[{"id":653,"href":"https:\/\/kadooglupetrol.com.tr\/index.php?rest_route=\/wp\/v2\/pages\/482\/revisions\/653"}],"wp:attachment":[{"href":"https:\/\/kadooglupetrol.com.tr\/index.php?rest_route=%2Fwp%2Fv2%2Fmedia&parent=482"}],"curies":[{"name":"wp","href":"https:\/\/api.w.org\/{rel}","templated":true}]}}